{"id":12,"date":"2020-02-27T10:57:46","date_gmt":"2020-02-27T09:57:46","guid":{"rendered":"http:\/\/www.spinato.it\/web\/?page_id=12"},"modified":"2020-04-09T16:17:03","modified_gmt":"2020-04-09T14:17:03","slug":"nati-per-essere-biologici","status":"publish","type":"page","link":"https:\/\/prosecco-wine.spinato.it\/it\/nati-per-essere-biologici\/","title":{"rendered":"Nati per essere biologici"},"content":{"rendered":"<p>Anna ha cominciato cos\u00ec, orientata dalla <strong>cultura e tradizione contadina<\/strong>, in un mondo ancestrale che lavorava in <strong>armonia e in simbiosi con la natura<\/strong>: uno stile di vita che tanti hanno dimenticato ma che sta tornando alla ribalta spinto dalla prepotente crescita dei vini biologici. Ma la scelta biologica di Anna non \u00e8 una semplice risposta alle richieste del mercato: per Lei, il progetto bio \u00e8 un <strong>ritorno alle origini, una precisa volont\u00e0 di recuperare tradizioni, immagini e valori mai dimenticati<\/strong>, sin da quando pap\u00e0 Pietro le ha trasmesso la passione per le viti.<\/p>\n<p>L\u2019intuizione di Roberto, figlio di Anna, \u00e8 stata semplice ma determinante ed il suo pensiero \u00e8 chiaro: <em>\u201c\u2026\u00e8 giusto proporre <strong>vini biologici<\/strong>, buoni, coinvolgenti, sani per l&#8217;ambiente e per i consumatori ma le bottiglie che racchiudono questi vini <strong>devono essere immediatamente identificabili e distinte <\/strong>dalle altre. Il prodotto che proponiamo <strong>non \u00e8 il contenuto della bottiglia ma la bottiglia con il contenuto<\/strong>&#8220;. <\/em><\/p>\n<p>Cos\u00ec \u00e8 nata la<strong> linea ReWArt\u2122, <\/strong>una parola del tutto nuova che identifica quattro diverse bottiglie biologiche, completamente vestite da un abito gioioso, dipinto e colorato ma anche capace di proteggere il contenuto e comunicare benessere, gioia di vivere, allegria e piacere di stare insieme.<\/p>\n<p><strong>ReWArt\u2122 <\/strong>\u00e8 uno spumeggiante tributo a chi \u00e8 giovane nella testa e nel cuore, a chi cerca il gusto del benessere, a chi ama combinare il sapore al colore, a chi vuole tornare alla natura incontaminata ma \u00e8 attratto dal fascino dell\u2019innovazione. <strong>ReWArt\u2122 <\/strong>\u00e8 molto pi\u00f9 di una nuova linea di vini perch\u00e9 propone un nuovo modo di intendere, vivere e bere lo spumante: le bollicine di <strong>ReWArt\u2122 <\/strong>raccontano storie di Prosecco, Ros\u00e9, Moscato e Cuv\u00e9e, indossano profumi antichi ma parlano con una voce nuova per ricordare che aprire una bottiglia di spumante significa aprirsi alla salute, alla gioia, al piacere di stare insieme, alla festa, all\u2019amicizia.<\/p>\n","protected":false},"excerpt":{"rendered":"<p>Anna ha cominciato cos\u00ec, orientata dalla cultura e tradizione contadina, in un mondo ancestrale che lavorava in armonia e in simbiosi con la natura: uno stile di vita che tanti hanno dimenticato ma che sta tornando alla ribalta spinto dalla prepotente crescita dei vini biologici. Ma la scelta biologica di Anna non \u00e8 una semplice [&hellip;]<\/p>\n","protected":false},"author":2,"featured_media":0,"parent":0,"menu_order":0,"comment_status":"closed","ping_status":"closed","template":"","meta":{"footnotes":""},"yoast_head":"<!-- This site is optimized with the Yoast SEO plugin v21.7 - https:\/\/yoast.com\/wordpress\/plugins\/seo\/ -->\n<title>Nati per essere biologici - ReWart<\/title>\n<meta name=\"robots\" content=\"index, follow, max-snippet:-1, max-image-preview:large, max-video-preview:-1\" \/>\n<link rel=\"canonical\" href=\"https:\/\/prosecco-wine.spinato.it\/it\/nati-per-essere-biologici\/\" \/>\n<meta property=\"og:locale\" content=\"it_IT\" \/>\n<meta property=\"og:type\" content=\"article\" \/>\n<meta property=\"og:title\" content=\"Nati per essere biologici - ReWart\" \/>\n<meta property=\"og:description\" content=\"Anna ha cominciato cos\u00ec, orientata dalla cultura e tradizione contadina, in un mondo ancestrale che lavorava in armonia e in simbiosi con la natura: uno stile di vita che tanti hanno dimenticato ma che sta tornando alla ribalta spinto dalla prepotente crescita dei vini biologici. Ma la scelta biologica di Anna non \u00e8 una semplice [&hellip;]\" \/>\n<meta property=\"og:url\" content=\"https:\/\/prosecco-wine.spinato.it\/it\/nati-per-essere-biologici\/\" \/>\n<meta property=\"og:site_name\" content=\"ReWart\" \/>\n<meta property=\"article:modified_time\" content=\"2020-04-09T14:17:03+00:00\" \/>\n<meta name=\"twitter:card\" content=\"summary_large_image\" \/>\n<meta name=\"twitter:label1\" content=\"Tempo di lettura stimato\" \/>\n\t<meta name=\"twitter:data1\" content=\"2 minuti\" \/>\n<script type=\"application\/ld+json\" class=\"yoast-schema-graph\">{\"@context\":\"https:\/\/schema.org\",\"@graph\":[{\"@type\":\"WebPage\",\"@id\":\"https:\/\/prosecco-wine.spinato.it\/it\/nati-per-essere-biologici\/\",\"url\":\"https:\/\/prosecco-wine.spinato.it\/it\/nati-per-essere-biologici\/\",\"name\":\"Nati per essere biologici - ReWart\",\"isPartOf\":{\"@id\":\"https:\/\/prosecco-wine.spinato.it\/it\/#website\"},\"datePublished\":\"2020-02-27T09:57:46+00:00\",\"dateModified\":\"2020-04-09T14:17:03+00:00\",\"breadcrumb\":{\"@id\":\"https:\/\/prosecco-wine.spinato.it\/it\/nati-per-essere-biologici\/#breadcrumb\"},\"inLanguage\":\"it-IT\",\"potentialAction\":[{\"@type\":\"ReadAction\",\"target\":[\"https:\/\/prosecco-wine.spinato.it\/it\/nati-per-essere-biologici\/\"]}]},{\"@type\":\"BreadcrumbList\",\"@id\":\"https:\/\/prosecco-wine.spinato.it\/it\/nati-per-essere-biologici\/#breadcrumb\",\"itemListElement\":[{\"@type\":\"ListItem\",\"position\":1,\"name\":\"Home\",\"item\":\"https:\/\/prosecco-wine.spinato.it\/it\/\"},{\"@type\":\"ListItem\",\"position\":2,\"name\":\"Nati per essere biologici\"}]},{\"@type\":\"WebSite\",\"@id\":\"https:\/\/prosecco-wine.spinato.it\/it\/#website\",\"url\":\"https:\/\/prosecco-wine.spinato.it\/it\/\",\"name\":\"ReWart\",\"description\":\"Born to be organic\",\"potentialAction\":[{\"@type\":\"SearchAction\",\"target\":{\"@type\":\"EntryPoint\",\"urlTemplate\":\"https:\/\/prosecco-wine.spinato.it\/it\/?s={search_term_string}\"},\"query-input\":\"required name=search_term_string\"}],\"inLanguage\":\"it-IT\"}]}<\/script>\n<!-- \/ Yoast SEO plugin. -->","yoast_head_json":{"title":"Nati per essere biologici - ReWart","robots":{"index":"index","follow":"follow","max-snippet":"max-snippet:-1","max-image-preview":"max-image-preview:large","max-video-preview":"max-video-preview:-1"},"canonical":"https:\/\/prosecco-wine.spinato.it\/it\/nati-per-essere-biologici\/","og_locale":"it_IT","og_type":"article","og_title":"Nati per essere biologici - ReWart","og_description":"Anna ha cominciato cos\u00ec, orientata dalla cultura e tradizione contadina, in un mondo ancestrale che lavorava in armonia e in simbiosi con la natura: uno stile di vita che tanti hanno dimenticato ma che sta tornando alla ribalta spinto dalla prepotente crescita dei vini biologici. Ma la scelta biologica di Anna non \u00e8 una semplice [&hellip;]","og_url":"https:\/\/prosecco-wine.spinato.it\/it\/nati-per-essere-biologici\/","og_site_name":"ReWart","article_modified_time":"2020-04-09T14:17:03+00:00","twitter_card":"summary_large_image","twitter_misc":{"Tempo di lettura stimato":"2 minuti"},"schema":{"@context":"https:\/\/schema.org","@graph":[{"@type":"WebPage","@id":"https:\/\/prosecco-wine.spinato.it\/it\/nati-per-essere-biologici\/","url":"https:\/\/prosecco-wine.spinato.it\/it\/nati-per-essere-biologici\/","name":"Nati per essere biologici - ReWart","isPartOf":{"@id":"https:\/\/prosecco-wine.spinato.it\/it\/#website"},"datePublished":"2020-02-27T09:57:46+00:00","dateModified":"2020-04-09T14:17:03+00:00","breadcrumb":{"@id":"https:\/\/prosecco-wine.spinato.it\/it\/nati-per-essere-biologici\/#breadcrumb"},"inLanguage":"it-IT","potentialAction":[{"@type":"ReadAction","target":["https:\/\/prosecco-wine.spinato.it\/it\/nati-per-essere-biologici\/"]}]},{"@type":"BreadcrumbList","@id":"https:\/\/prosecco-wine.spinato.it\/it\/nati-per-essere-biologici\/#breadcrumb","itemListElement":[{"@type":"ListItem","position":1,"name":"Home","item":"https:\/\/prosecco-wine.spinato.it\/it\/"},{"@type":"ListItem","position":2,"name":"Nati per essere biologici"}]},{"@type":"WebSite","@id":"https:\/\/prosecco-wine.spinato.it\/it\/#website","url":"https:\/\/prosecco-wine.spinato.it\/it\/","name":"ReWart","description":"Born to be organic","potentialAction":[{"@type":"SearchAction","target":{"@type":"EntryPoint","urlTemplate":"https:\/\/prosecco-wine.spinato.it\/it\/?s={search_term_string}"},"query-input":"required name=search_term_string"}],"inLanguage":"it-IT"}]}},"_links":{"self":[{"href":"https:\/\/prosecco-wine.spinato.it\/it\/wp-json\/wp\/v2\/pages\/12"}],"collection":[{"href":"https:\/\/prosecco-wine.spinato.it\/it\/wp-json\/wp\/v2\/pages"}],"about":[{"href":"https:\/\/prosecco-wine.spinato.it\/it\/wp-json\/wp\/v2\/types\/page"}],"author":[{"embeddable":true,"href":"https:\/\/prosecco-wine.spinato.it\/it\/wp-json\/wp\/v2\/users\/2"}],"replies":[{"embeddable":true,"href":"https:\/\/prosecco-wine.spinato.it\/it\/wp-json\/wp\/v2\/comments?post=12"}],"version-history":[{"count":6,"href":"https:\/\/prosecco-wine.spinato.it\/it\/wp-json\/wp\/v2\/pages\/12\/revisions"}],"predecessor-version":[{"id":482,"href":"https:\/\/prosecco-wine.spinato.it\/it\/wp-json\/wp\/v2\/pages\/12\/revisions\/482"}],"wp:attachment":[{"href":"https:\/\/prosecco-wine.spinato.it\/it\/wp-json\/wp\/v2\/media?parent=12"}],"curies":[{"name":"wp","href":"https:\/\/api.w.org\/{rel}","templated":true}]}}